{"id":281,"date":"2022-05-25T10:41:52","date_gmt":"2022-05-25T13:41:52","guid":{"rendered":"http:\/\/ctglacovelho.com.br\/?page_id=281"},"modified":"2022-08-09T01:19:52","modified_gmt":"2022-08-09T04:19:52","slug":"carta-de-principios","status":"publish","type":"page","link":"https:\/\/ctglacovelho.com.br\/index.php\/carta-de-principios\/","title":{"rendered":"Carta de Princ\u00edpios"},"content":{"rendered":"\t\t<div data-elementor-type=\"wp-page\" data-elementor-id=\"281\" class=\"elementor elementor-281\" data-elementor-settings=\"[]\">\n\t\t\t\t\t\t\t<div class=\"elementor-section-wrap\">\n\t\t\t\t\t\t\t<section class=\"elementor-section elementor-top-section elementor-element elementor-element-b60f4a6 elementor-section-height-min-height elementor-section-boxed elementor-section-height-default elementor-section-items-middle\" data-id=\"b60f4a6\" data-element_type=\"section\">\n\t\t\t\t\t\t\t<div class=\"elementor-background-overlay\"><\/div>\n\t\t\t\t\t\t\t<div class=\"elementor-container elementor-column-gap-default\">\n\t\t\t\t\t<div class=\"elementor-column elementor-col-100 elementor-top-column elementor-element elementor-element-1a9c217\" data-id=\"1a9c217\" data-element_type=\"column\">\n\t\t\t<div class=\"elementor-widget-wrap elementor-element-populated\">\n\t\t\t\t\t\t\t\t<div class=\"elementor-element elementor-element-75c48d2 elementor-widget elementor-widget-heading\" data-id=\"75c48d2\" data-element_type=\"widget\" data-widget_type=\"heading.default\">\n\t\t\t\t<div class=\"elementor-widget-container\">\n\t\t\t<style>\/*! elementor - v3.5.6 - 28-02-2022 *\/\n.elementor-heading-title{padding:0;margin:0;line-height:1}.elementor-widget-heading .elementor-heading-title[class*=elementor-size-]>a{color:inherit;font-size:inherit;line-height:inherit}.elementor-widget-heading .elementor-heading-title.elementor-size-small{font-size:15px}.elementor-widget-heading .elementor-heading-title.elementor-size-medium{font-size:19px}.elementor-widget-heading .elementor-heading-title.elementor-size-large{font-size:29px}.elementor-widget-heading .elementor-heading-title.elementor-size-xl{font-size:39px}.elementor-widget-heading .elementor-heading-title.elementor-size-xxl{font-size:59px}<\/style><h2 class=\"elementor-heading-title elementor-size-default\">Carta de Princ\u00edpios<\/h2>\t\t<\/div>\n\t\t\t\t<\/div>\n\t\t\t\t\t<\/div>\n\t\t<\/div>\n\t\t\t\t\t\t\t<\/div>\n\t\t<\/section>\n\t\t\t\t<section class=\"elementor-section elementor-top-section elementor-element elementor-element-4823c0f elementor-section-boxed elementor-section-height-default elementor-section-height-default\" data-id=\"4823c0f\" data-element_type=\"section\">\n\t\t\t\t\t\t<div class=\"elementor-container elementor-column-gap-default\">\n\t\t\t\t\t<div class=\"elementor-column elementor-col-100 elementor-top-column elementor-element elementor-element-28e5b40\" data-id=\"28e5b40\" data-element_type=\"column\">\n\t\t\t<div class=\"elementor-widget-wrap elementor-element-populated\">\n\t\t\t\t\t\t\t\t<div class=\"elementor-element elementor-element-c6cba42 elementor-widget elementor-widget-text-editor\" data-id=\"c6cba42\" data-element_type=\"widget\" data-widget_type=\"text-editor.default\">\n\t\t\t\t<div class=\"elementor-widget-container\">\n\t\t\t<style>\/*! elementor - v3.5.6 - 28-02-2022 *\/\n.elementor-widget-text-editor.elementor-drop-cap-view-stacked .elementor-drop-cap{background-color:#818a91;color:#fff}.elementor-widget-text-editor.elementor-drop-cap-view-framed .elementor-drop-cap{color:#818a91;border:3px solid;background-color:transparent}.elementor-widget-text-editor:not(.elementor-drop-cap-view-default) .elementor-drop-cap{margin-top:8px}.elementor-widget-text-editor:not(.elementor-drop-cap-view-default) .elementor-drop-cap-letter{width:1em;height:1em}.elementor-widget-text-editor .elementor-drop-cap{float:left;text-align:center;line-height:1;font-size:50px}.elementor-widget-text-editor .elementor-drop-cap-letter{display:inline-block}<\/style>\t\t\t\t<div class=\"et_pb_module et_pb_text et_pb_text_0  et_pb_text_align_left et_pb_bg_layout_light\"><div class=\"et_pb_text_inner\"><p>A \u201cCarta de Princ\u00edpios\u201d atualmente em vigor foi aprovada no VIII Congresso Tradicionalista, levado a efeito no per\u00edodo de 20 a 23 de julho de 1961, no CTG \u201cO Fog\u00e3o Ga\u00facho\u201d em Taquara, e fixa os seguintes objetivos do Movimento Tradicionalista Ga\u00facho:<\/p><\/div><\/div><div class=\"et_pb_module et_pb_text et_pb_text_1  et_pb_text_align_left et_pb_bg_layout_light\"><div class=\"et_pb_text_inner\"><p>I \u2013 Auxiliar o Estado na solu\u00e7\u00e3o dos seus problemas fundamentais e na conquista do bem coletivo.<\/p><p>II \u2013 Cultuar e difundir nossa Hist\u00f3ria, nossa forma\u00e7\u00e3o social, nosso folclore, enfim, nossa Tradi\u00e7\u00e3o, como subst\u00e2ncia basilar da nacionalidade.<\/p><p>III \u2013 Promover, no meio do nosso povo, uma retomada de consci\u00eancia dos valores morais do ga\u00facho.<\/p><p>IV \u2013 Facilitar e cooperar com a evolu\u00e7\u00e3o e o progresso, buscando a harmonia social, criando a consci\u00eancia do valor coletivo, combatendo o enfraquecimento da cultura comum e a desagrega\u00e7\u00e3o que da\u00ed resulta.<\/p><p>V \u2013 Criar barreiras aos fatores e id\u00e9ias que nos vem pelos ve\u00edculos normais de propaganda e que sejam diametralmente opostos ou antag\u00f4nicos aos costumes e pendores naturais do nosso povo.<\/p><p>VI \u2013 Preservar o nosso patrim\u00f4nio sociol\u00f3gico representado, principalmente, pelo linguajar, vestimenta, arte culin\u00e1ria, forma de lides e artes populares.<\/p><p>VII \u2013 Fazer de cada CTG um n\u00facleo transmissor da heran\u00e7a social e atrav\u00e9s da pr\u00e1tica e divulga\u00e7\u00e3o dos h\u00e1bitos locais, no\u00e7\u00e3o de valores, princ\u00edpios morais, rea\u00e7\u00f5es emocionais, etc.; criar em nossos grupos sociais uma unidade psicol\u00f3gica, com modos de agir e pensar coletivamente, valorizando e ajustando o homem ao meio, para a rea\u00e7\u00e3o em conjunto frente aos problemas comuns.<\/p><p>VIII \u2013 Estimular e incentivar o processo aculturativo do elemento imigrante e seus descendentes.<\/p><p>IX \u2013 Lutar pelos direitos humanos de Liberdade, Igualdade e Humanidade.<\/p><p>X \u2013 Respeitar e fazer respeitar seus postulados iniciais, que t\u00eam como caracter\u00edstica essencial a absoluta independ\u00eancia de sectarismos pol\u00edtico, religioso e racial.<\/p><p>XI \u2013 Acatar e respeitar as leis e poderes p\u00fablicos legalmente constitu\u00eddos, enquanto se mantiverem dentro dos princ\u00edpios do regime democr\u00e1tico vigente.<\/p><p>XII \u2013 Evitar todas as formas de vaidade e personalismo que buscam no Movimento Tradicionalista ve\u00edculo para proje\u00e7\u00e3o em proveito pr\u00f3prio.<\/p><p>XIII \u2013 Evitar toda e qualquer manifesta\u00e7\u00e3o individual ou coletiva, movida por interesses subterr\u00e2neos de natureza pol\u00edtica, religiosa ou financeira.<\/p><p>XIV \u2013 Evitar atitudes pessoais ou coletivas que deslustrem e venham em detrimento dos princ\u00edpios da forma\u00e7\u00e3o moral do ga\u00facho.<\/p><p>XV \u2013 Evitar que n\u00facleos tradicionalistas adotem nomes de pessoas vivas.<\/p><p>XVI \u2013 Repudiar todas as manifesta\u00e7\u00f5es e formas negativas de explora\u00e7\u00e3o direta ou indireta do Movimento Tradicionalista.<\/p><p>XVII \u2013 Prestigiar e estimular quaisquer iniciativas que, sincera e honestamente, queiram perseguir objetivos correlatos com os do tradicionalismo.<\/p><p>XVIII \u2013 Incentivar, em todas as formas de divulga\u00e7\u00e3o e propaganda, o uso sadio dos aut\u00eanticos motivos regionais.<\/p><p>XIX \u2013 Influir na literatura, artes cl\u00e1ssicas e populares e outras formas de express\u00e3o espiritual de nossa gente, no sentido de que se voltem para os temas nativistas.<\/p><p>XX \u2013 Zelar pela pureza e fidelidade dos nossos costumes aut\u00eanticos, combatendo todas as manifesta\u00e7\u00f5es individuais ou coletivas, que artificializem ou descaracterizem as nossas coisas tradicionais.<\/p><p>XXI \u2013 Estimular e amparar as c\u00e9lulas que fazem parte de seu organismo social.<\/p><p>XXII \u2013 Procurar penetrar e atuar nas institui\u00e7\u00f5es p\u00fablicas e privadas, principalmente nos col\u00e9gios e no seio do povo, buscando conquistar para o Movimento Tradicionalista Ga\u00facho a boa vontade e a participa\u00e7\u00e3o dos representantes de todas as classes e profiss\u00f5es dignas.<\/p><p>XXIII \u2013 Comemorar e respeitar as datas, efem\u00e9rides e vultos nacionais e, particularmente o dia 20 de setembro, como data m\u00e1xima do Rio Grande do Sul.<\/p><p>XXIV \u2013 Lutar para que seja institu\u00eddo, oficialmente, o Dia do Ga\u00facho, em paridade de condi\u00e7\u00f5es com o Dia do Colono e outros \u201cDias\u201d respeitados publicamente.<\/p><p>XXV \u2013 Pugnar pela independ\u00eancia psicol\u00f3gica e ideol\u00f3gica do nosso povo.<\/p><p>XXVI \u2013 Revalidar e reafirmar os valores fundamentais da nossa forma\u00e7\u00e3o, apontando \u00e0s novas gera\u00e7\u00f5es rumos definidos de cultura, civismo e nacionalidade.<\/p><p>XXVII \u2013 Procurar o despertamento da consci\u00eancia para o esp\u00edrito c\u00edvico de unidade e amor \u00e0 P\u00e1tria.<\/p><p>XXVIII \u2013 Pugnar pela fraternidade e maior aproxima\u00e7\u00e3o dos povos americanos.<\/p><p>XXIX \u2013 Buscar, finalmente, a conquista de um est\u00e1gio de for\u00e7a social que lhe d\u00ea resson\u00e2ncia nos Poderes P\u00fablicos e nas Classes Rio-grandenses para atuar real, poderosa e eficientemente, no levantamento dos padr\u00f5es de moral e de vida do nosso Estado, rumando, fortalecido, para o campo e homem rural, suas ra\u00edzes primordiais, cumprindo, assim, sua alta destina\u00e7\u00e3o hist\u00f3rica em nossa P\u00e1tria.<\/p><\/div><\/div>\t\t\t\t\t\t<\/div>\n\t\t\t\t<\/div>\n\t\t\t\t\t<\/div>\n\t\t<\/div>\n\t\t\t\t\t\t\t<\/div>\n\t\t<\/section>\n\t\t\t\t\t\t<\/div>\n\t\t\t\t\t<\/div>\n\t\t","protected":false},"excerpt":{"rendered":"<p>A \u201cCarta de Princ\u00edpios\u201d atualmente em vigor foi aprovada no VIII Congresso Tradicionalista, levado a efeito no per\u00edodo de 20 a 23 de julho de 1961, no CTG \u201cO Fog\u00e3o Ga\u00facho\u201d em Taquara, e fixa os seguintes objetivos do Movimento Tradicionalista Ga\u00facho: I \u2013 Auxiliar o Estado na solu\u00e7\u00e3o dos seus problemas fundamentais e na [&hellip;]<\/p>\n","protected":false},"author":1,"featured_media":0,"parent":0,"menu_order":0,"comment_status":"closed","ping_status":"closed","template":"","meta":{"footnotes":""},"_links":{"self":[{"href":"https:\/\/ctglacovelho.com.br\/index.php\/wp-json\/wp\/v2\/pages\/281"}],"collection":[{"href":"https:\/\/ctglacovelho.com.br\/index.php\/wp-json\/wp\/v2\/pages"}],"about":[{"href":"https:\/\/ctglacovelho.com.br\/index.php\/wp-json\/wp\/v2\/types\/page"}],"author":[{"embeddable":true,"href":"https:\/\/ctglacovelho.com.br\/index.php\/wp-json\/wp\/v2\/users\/1"}],"replies":[{"embeddable":true,"href":"https:\/\/ctglacovelho.com.br\/index.php\/wp-json\/wp\/v2\/comments?post=281"}],"version-history":[{"count":40,"href":"https:\/\/ctglacovelho.com.br\/index.php\/wp-json\/wp\/v2\/pages\/281\/revisions"}],"predecessor-version":[{"id":464,"href":"https:\/\/ctglacovelho.com.br\/index.php\/wp-json\/wp\/v2\/pages\/281\/revisions\/464"}],"wp:attachment":[{"href":"https:\/\/ctglacovelho.com.br\/index.php\/wp-json\/wp\/v2\/media?parent=281"}],"curies":[{"name":"wp","href":"https:\/\/api.w.org\/{rel}","templated":true}]}}